{"id":229398,"date":"2026-03-29T23:41:12","date_gmt":"2026-03-29T23:41:12","guid":{"rendered":"https:\/\/volvercomunicaciones.com\/?page_id=229398"},"modified":"2026-04-07T08:44:14","modified_gmt":"2026-04-07T13:44:14","slug":"lo-que-comunicamos","status":"publish","type":"page","link":"https:\/\/volvercomunicaciones.com\/en\/lo-que-comunicamos\/","title":{"rendered":"What we communicate"},"content":{"rendered":"<div class=\"et_pb_section_0 et_pb_section et_section_regular et_flex_section preset--group--divi-section--divi-sizing--default\">\n<div class=\"et_pb_row_0 et_pb_row et_flex_row preset--group--divi-row--divi-sizing--default\">\n<div class=\"et_pb_column_0 et_pb_column et-last-child et_flex_column et_pb_css_mix_blend_mode_passthrough et_flex_column_24_24 et_flex_column_24_24_tablet et_flex_column_24_24_phone preset--group--divi-column--divi-sizing--default\">\n<div class=\"et_pb_text_0 et_pb_text et_pb_bg_layout_light et_pb_module et_flex_module preset--group--divi-text--divi-sizing--default preset--group--divi-text--divi-font-header--default preset--group--divi-text--divi-font-body--default\"><div class=\"et_pb_text_inner\"><h1>Lo que comunicamos<\/h1>\n<\/div><\/div>\n\n<div class=\"et_pb_text_1 et_pb_text et_pb_bg_layout_light et_pb_module et_flex_module preset--group--divi-text--divi-sizing--default preset--group--divi-text--divi-font-header--default preset--group--divi-text--divi-font-body--default\"><div class=\"et_pb_text_inner\"><p>Reflexiones, conversaciones y miradas sobre comunicaci\u00f3n, consciencia y estrategia.<\/p>\n<\/div><\/div>\n<\/div>\n<\/div>\n<\/div>\n\n<div class=\"et_pb_section_1 et_pb_section et_section_regular et_flex_section preset--group--divi-section--divi-sizing--default\">\n<div class=\"et_pb_row_1 et_pb_row et_flex_row preset--group--divi-row--divi-sizing--default\">\n<div class=\"et_pb_column_1 et_pb_column et-last-child et_flex_column et_pb_css_mix_blend_mode_passthrough et_flex_column_24_24 et_flex_column_24_24_tablet et_flex_column_24_24_phone preset--group--divi-column--divi-sizing--default\">\n<div class=\"et_pb_group_0 et_pb_group et-last-child et_pb_module et_flex_group et_pb_css_mix_blend_mode_passthrough preset--group--divi-group--divi-sizing--default\">\n<div class=\"et_pb_heading_0 et_pb_heading et_pb_module et_flex_module preset--group--divi-heading--divi-sizing--default\"><div class=\"et_pb_heading_container\"><h2 class=\"et_pb_module_header\">Art\u00edculos<\/h2><\/div><\/div>\n\n<div class=\"et_pb_divider_0 et_pb_divider et_pb_space et_pb_divider_position_center et_pb_module preset--group--divi-divider--divi-sizing--default\"><div class=\"et_pb_divider_internal\"><\/div><\/div>\n<\/div>\n<\/div>\n<\/div>\n\n<div class=\"et_pb_row_2 et_pb_row et_flex_row preset--group--divi-row--divi-sizing--default\"><div class=\"et_pb_column_2 et_pb_column et_flex_column et_pb_css_mix_blend_mode_passthrough et_flex_column_8_24 et_flex_column_8_24_tablet et_flex_column_12_24_phone preset--group--divi-column--divi-sizing--default\" data-loop-item=\"0\">\n<div class=\"et_pb_image_0 et_pb_image et_pb_module et_flex_module preset--group--divi-image--divi-sizing--default\"><span class=\"et_pb_image_wrap\"><img loading=\"lazy\" decoding=\"async\" src=\"https:\/\/volvercomunicaciones.com\/wp-content\/uploads\/2026\/03\/d5-freebies-footer-11-1024x654.jpg\" title=\"d5-freebies-footer-11\" width=\"1024\" height=\"654\" srcset=\"https:\/\/volvercomunicaciones.com\/wp-content\/uploads\/2026\/03\/d5-freebies-footer-11-980x626.jpg 980w, https:\/\/volvercomunicaciones.com\/wp-content\/uploads\/2026\/03\/d5-freebies-footer-11-480x307.jpg 480w\" sizes=\"(min-width: 0px) and (max-width: 480px) 480px, (min-width: 481px) and (max-width: 980px) 980px, (min-width: 981px) 1024px, 100vw\" class=\"wp-image-52\" \/><\/span><\/div>\n\n<div class=\"et_pb_text_2 et_pb_text et_pb_bg_layout_light et_pb_module et_flex_module preset--group--divi-text--divi-sizing--default preset--group--divi-text--divi-font-header--default preset--group--divi-text--divi-font-body--default\"><div class=\"et_pb_text_inner\"><p>Art\u00edculo 3<\/p>\n<\/div><\/div>\n\n<div class=\"et_pb_text_3 et_pb_text et_pb_bg_layout_light et_pb_module et_flex_module preset--group--divi-text--divi-sizing--default preset--group--divi-text--divi-font-header--default preset--group--divi-text--divi-font-body--default\"><div class=\"et_pb_text_inner\"><p>Lorem ipsum dolor sit amet, consectetur adipiscing elit. Curabitur vel urna at elit varius interdum. [&hellip;]<\/p>\n<\/div><\/div>\n\n<div class=\"et_pb_module et_pb_button_module_wrapper et_pb_button_0_wrapper preset--module--divi-button--1x3yhce716_wrapper\"><a class=\"et_pb_button_0 et_pb_button et_pb_bg_layout_light et_pb_module et_flex_module preset--module--divi-button--1x3yhce716\" href=\"https:\/\/volvercomunicaciones.com\/en\/articulo-3\/\">Leer M\u00e1s<\/a><\/div>\n<\/div><div class=\"et_pb_column_3 et_pb_column et_flex_column et_pb_css_mix_blend_mode_passthrough et_flex_column_8_24 et_flex_column_8_24_tablet et_flex_column_12_24_phone preset--group--divi-column--divi-sizing--default\" data-loop-item=\"1\">\n<div class=\"et_pb_image_1 et_pb_image et_pb_module et_flex_module preset--group--divi-image--divi-sizing--default\"><span class=\"et_pb_image_wrap\"><img loading=\"lazy\" decoding=\"async\" src=\"https:\/\/volvercomunicaciones.com\/wp-content\/uploads\/2026\/03\/Foto-Volver-Banner-1024x572.png\" title=\"Foto Volver Banner\" width=\"1024\" height=\"572\" srcset=\"https:\/\/volvercomunicaciones.com\/wp-content\/uploads\/2026\/03\/Foto-Volver-Banner-980x547.png 980w, https:\/\/volvercomunicaciones.com\/wp-content\/uploads\/2026\/03\/Foto-Volver-Banner-480x268.png 480w\" sizes=\"(min-width: 0px) and (max-width: 480px) 480px, (min-width: 481px) and (max-width: 980px) 980px, (min-width: 981px) 1024px, 100vw\" class=\"wp-image-229259\" \/><\/span><\/div>\n\n<div class=\"et_pb_text_4 et_pb_text et_pb_bg_layout_light et_pb_module et_flex_module preset--group--divi-text--divi-sizing--default preset--group--divi-text--divi-font-header--default preset--group--divi-text--divi-font-body--default\"><div class=\"et_pb_text_inner\"><p>Art\u00edculo 2<\/p>\n<\/div><\/div>\n\n<div class=\"et_pb_text_5 et_pb_text et_pb_bg_layout_light et_pb_module et_flex_module preset--group--divi-text--divi-sizing--default preset--group--divi-text--divi-font-header--default preset--group--divi-text--divi-font-body--default\"><div class=\"et_pb_text_inner\"><p>Lorem ipsum dolor sit amet, consectetur adipiscing elit. Curabitur vel urna at elit varius interdum. [&hellip;]<\/p>\n<\/div><\/div>\n\n<div class=\"et_pb_module et_pb_button_module_wrapper et_pb_button_1_wrapper preset--module--divi-button--1x3yhce716_wrapper\"><a class=\"et_pb_button_1 et_pb_button et_pb_bg_layout_light et_pb_module et_flex_module preset--module--divi-button--1x3yhce716\" href=\"https:\/\/volvercomunicaciones.com\/en\/articulo-2\/\">Leer M\u00e1s<\/a><\/div>\n<\/div><div class=\"et_pb_column_4 et_pb_column et-last-child et_flex_column et_pb_css_mix_blend_mode_passthrough et_flex_column_8_24 et_flex_column_8_24_tablet et_flex_column_12_24_phone preset--group--divi-column--divi-sizing--default\" data-loop-item=\"2\">\n<div class=\"et_pb_image_2 et_pb_image et_pb_module et_flex_module preset--group--divi-image--divi-sizing--default\"><span class=\"et_pb_image_wrap\"><img loading=\"lazy\" decoding=\"async\" src=\"https:\/\/volvercomunicaciones.com\/wp-content\/uploads\/2026\/03\/d5-freebies-footer-08-1024x640-1.jpg\" title=\"d5-freebies-footer-08-1024x640-1\" width=\"1024\" height=\"640\" srcset=\"https:\/\/volvercomunicaciones.com\/wp-content\/uploads\/2026\/03\/d5-freebies-footer-08-1024x640-1.jpg 1024w, https:\/\/volvercomunicaciones.com\/wp-content\/uploads\/2026\/03\/d5-freebies-footer-08-1024x640-1-980x613.jpg 980w, https:\/\/volvercomunicaciones.com\/wp-content\/uploads\/2026\/03\/d5-freebies-footer-08-1024x640-1-480x300.jpg 480w\" sizes=\"(min-width: 0px) and (max-width: 480px) 480px, (min-width: 481px) and (max-width: 980px) 980px, (min-width: 981px) 1024px, 100vw\" class=\"wp-image-53\" \/><\/span><\/div>\n\n<div class=\"et_pb_text_6 et_pb_text et_pb_bg_layout_light et_pb_module et_flex_module preset--group--divi-text--divi-sizing--default preset--group--divi-text--divi-font-header--default preset--group--divi-text--divi-font-body--default\"><div class=\"et_pb_text_inner\"><p>Art\u00edculo 1<\/p>\n<\/div><\/div>\n\n<div class=\"et_pb_text_7 et_pb_text et_pb_bg_layout_light et_pb_module et_flex_module preset--group--divi-text--divi-sizing--default preset--group--divi-text--divi-font-header--default preset--group--divi-text--divi-font-body--default\"><div class=\"et_pb_text_inner\"><p>Lorem ipsum dolor sit amet, consectetur adipiscing elit. Curabitur vel urna at elit varius interdum. [&hellip;]<\/p>\n<\/div><\/div>\n\n<div class=\"et_pb_module et_pb_button_module_wrapper et_pb_button_2_wrapper preset--module--divi-button--1x3yhce716_wrapper\"><a class=\"et_pb_button_2 et_pb_button et_pb_bg_layout_light et_pb_module et_flex_module preset--module--divi-button--1x3yhce716\" href=\"https:\/\/volvercomunicaciones.com\/en\/articulo-1\/\">Leer M\u00e1s<\/a><\/div>\n<\/div><\/div>\n<\/div>\n\n<div class=\"et_pb_section_2 et_pb_section et_section_regular et_flex_section preset--group--divi-section--divi-sizing--default\">\n<div class=\"et_pb_row_3 et_pb_row et_flex_row preset--group--divi-row--divi-sizing--default\">\n<div class=\"et_pb_column_5 et_pb_column et-last-child et_flex_column et_pb_css_mix_blend_mode_passthrough et_flex_column_24_24 et_flex_column_24_24_tablet et_flex_column_24_24_phone preset--group--divi-column--divi-sizing--default\">\n<div class=\"et_pb_heading_1 et_pb_heading et_pb_module et_flex_module preset--group--divi-heading--divi-sizing--default\"><div class=\"et_pb_heading_container\"><h2 class=\"et_pb_module_header\">Conversaciones<\/h2><\/div><\/div>\n<\/div>\n<\/div>\n\n<div class=\"et_pb_row_4 et_pb_row et_flex_row preset--group--divi-row--divi-sizing--default\">\n<div class=\"et_pb_column_6 et_pb_column et-last-child et_flex_column et_pb_css_mix_blend_mode_passthrough et_flex_column_24_24 et_flex_column_24_24_tablet et_flex_column_24_24_phone preset--group--divi-column--divi-sizing--default\">\n<div class=\"et_pb_group_carousel_0 et_pb_group_carousel et_pb_group et_pb_module et_pb_group_carousel_dots_center et_pb_group_carousel_dots_below et_pb_group_carousel_slides_3 preset--group--divi-group-carousel--divi-sizing--default\"><div class=\"et_pb_group_carousel_container\"><div class=\"et_pb_group_carousel_track\"><div class=\"et_pb_group_carousel_slide\"><div class=\"et_pb_group_1 et_pb_group et_pb_module et_flex_group et_pb_css_mix_blend_mode_passthrough preset--group--divi-group--divi-sizing--default\">\n<div class=\"et_pb_image_3 et_pb_image et_pb_module et_flex_module preset--group--divi-image--divi-sizing--default\"><span class=\"et_pb_image_wrap\"><img loading=\"lazy\" decoding=\"async\" src=\"https:\/\/volvercomunicaciones.com\/wp-content\/uploads\/2026\/03\/XISGLNTK2RHNNLGFRFXKLH6NRA.jpg\" title=\"XISGLNTK2RHNNLGFRFXKLH6NRA\" width=\"920\" height=\"613\" srcset=\"https:\/\/volvercomunicaciones.com\/wp-content\/uploads\/2026\/03\/XISGLNTK2RHNNLGFRFXKLH6NRA.jpg 920w, https:\/\/volvercomunicaciones.com\/wp-content\/uploads\/2026\/03\/XISGLNTK2RHNNLGFRFXKLH6NRA-480x320.jpg 480w\" sizes=\"(min-width: 0px) and (max-width: 480px) 480px, (min-width: 481px) 920px, 100vw\" class=\"wp-image-229420\" \/><\/span><\/div>\n\n<div class=\"et_pb_text_8 et_pb_text et_pb_bg_layout_light et_pb_module et_flex_module preset--group--divi-text--divi-sizing--default preset--group--divi-text--divi-font-header--default preset--group--divi-text--divi-font-body--default\"><div class=\"et_pb_text_inner\"><p>El Magaz\u00edn Cultural<br \/>\nEl Espectador<\/p>\n<\/div><\/div>\n\n<div class=\"et_pb_text_9 et_pb_text et_pb_bg_layout_light et_pb_module et_flex_module preset--group--divi-text--divi-sizing--default preset--group--divi-text--divi-font-header--default preset--group--divi-text--divi-font-body--default\"><div class=\"et_pb_text_inner\"><p>\u201cLos medios no desaparecer\u00e1n, pero deben reencauzar su papel en la sociedad\u201d<\/p>\n<\/div><\/div>\n\n<div class=\"et_pb_module et_pb_button_module_wrapper et_pb_button_3_wrapper preset--module--divi-button--ujavir5p6m_wrapper\"><a class=\"et_pb_button_3 et_pb_button et_pb_bg_layout_light et_pb_module et_flex_module preset--module--divi-button--ujavir5p6m\" href=\"\">Leer M\u00e1s<\/a><\/div>\n<\/div><\/div><div class=\"et_pb_group_carousel_slide\"><div class=\"et_pb_group_2 et_pb_group et_pb_module et_flex_group et_pb_css_mix_blend_mode_passthrough preset--group--divi-group--divi-sizing--default\">\n<div class=\"et_pb_image_4 et_pb_image et_pb_module et_flex_module preset--group--divi-image--divi-sizing--default\"><span class=\"et_pb_image_wrap\"><img loading=\"lazy\" decoding=\"async\" src=\"https:\/\/volvercomunicaciones.com\/wp-content\/uploads\/2026\/03\/Logo-Volver-Original-scaled.jpg\" title=\"Logo Volver Original\" width=\"2560\" height=\"1882\" srcset=\"https:\/\/volvercomunicaciones.com\/wp-content\/uploads\/2026\/03\/Logo-Volver-Original-scaled.jpg 2560w, https:\/\/volvercomunicaciones.com\/wp-content\/uploads\/2026\/03\/Logo-Volver-Original-1280x941.jpg 1280w, https:\/\/volvercomunicaciones.com\/wp-content\/uploads\/2026\/03\/Logo-Volver-Original-980x720.jpg 980w, https:\/\/volvercomunicaciones.com\/wp-content\/uploads\/2026\/03\/Logo-Volver-Original-480x353.jpg 480w\" sizes=\"(min-width: 0px) and (max-width: 480px) 480px, (min-width: 481px) and (max-width: 980px) 980px, (min-width: 981px) and (max-width: 1280px) 1280px, (min-width: 1281px) 2560px, 100vw\" class=\"wp-image-229422\" \/><\/span><\/div>\n\n<div class=\"et_pb_text_10 et_pb_text et_pb_bg_layout_light et_pb_module et_flex_module preset--group--divi-text--divi-sizing--default preset--group--divi-text--divi-font-header--default preset--group--divi-text--divi-font-body--default\"><div class=\"et_pb_text_inner\"><p>Valora Analitik<\/p>\n<\/div><\/div>\n\n<div class=\"et_pb_text_11 et_pb_text et_pb_bg_layout_light et_pb_module et_flex_module preset--group--divi-text--divi-sizing--default preset--group--divi-text--divi-font-header--default preset--group--divi-text--divi-font-body--default\"><div class=\"et_pb_text_inner\"><p>\u201cHay nuevo jugador en la comunicaci\u00f3n estrat\u00e9gica de Colombia: se trata de Volver Comunicaciones\u201d<\/p>\n<\/div><\/div>\n\n<div class=\"et_pb_module et_pb_button_module_wrapper et_pb_button_4_wrapper preset--module--divi-button--ujavir5p6m_wrapper\"><a class=\"et_pb_button_4 et_pb_button et_pb_bg_layout_light et_pb_module et_flex_module preset--module--divi-button--ujavir5p6m\" href=\"https:\/\/www.valoraanalitik.com\/hay-nuevo-jugador-en-la-comunicacion-estrategica-de-colombia-se-trata-de-volver-comunicaciones\/\" target=\"_blank\">Leer M\u00e1s<\/a><\/div>\n<\/div><\/div><div class=\"et_pb_group_carousel_slide\"><div class=\"et_pb_group_3 et_pb_group et-last-child et_pb_module et_flex_group et_pb_css_mix_blend_mode_passthrough preset--group--divi-group--divi-sizing--default\">\n<div class=\"et_pb_image_5 et_pb_image et_pb_module et_flex_module preset--group--divi-image--divi-sizing--default\"><span class=\"et_pb_image_wrap\"><img loading=\"lazy\" decoding=\"async\" src=\"https:\/\/volvercomunicaciones.com\/wp-content\/uploads\/2026\/03\/XISGLNTK2RHNNLGFRFXKLH6NRA.jpg\" title=\"XISGLNTK2RHNNLGFRFXKLH6NRA\" width=\"920\" height=\"613\" srcset=\"https:\/\/volvercomunicaciones.com\/wp-content\/uploads\/2026\/03\/XISGLNTK2RHNNLGFRFXKLH6NRA.jpg 920w, https:\/\/volvercomunicaciones.com\/wp-content\/uploads\/2026\/03\/XISGLNTK2RHNNLGFRFXKLH6NRA-480x320.jpg 480w\" sizes=\"(min-width: 0px) and (max-width: 480px) 480px, (min-width: 481px) 920px, 100vw\" class=\"wp-image-229420\" \/><\/span><\/div>\n\n<div class=\"et_pb_text_12 et_pb_text et_pb_bg_layout_light et_pb_module et_flex_module preset--group--divi-text--divi-sizing--default preset--group--divi-text--divi-font-header--default preset--group--divi-text--divi-font-body--default\"><div class=\"et_pb_text_inner\"><p>Volver Comunicaciones<br \/>\npulzo.com<\/p>\n<\/div><\/div>\n\n<div class=\"et_pb_text_13 et_pb_text et_pb_bg_layout_light et_pb_module et_flex_module preset--group--divi-text--divi-sizing--default preset--group--divi-text--divi-font-header--default preset--group--divi-text--divi-font-body--default\"><div class=\"et_pb_text_inner\"><p>El proyecto que reinventa la comunicaci\u00f3n empresarial desde la autoconciencia y la empat\u00eda<\/p>\n<\/div><\/div>\n\n<div class=\"et_pb_module et_pb_button_module_wrapper et_pb_button_5_wrapper preset--module--divi-button--ujavir5p6m_wrapper\"><a class=\"et_pb_button_5 et_pb_button et_pb_bg_layout_light et_pb_module et_flex_module preset--module--divi-button--ujavir5p6m\" href=\"https:\/\/www.pulzo.com\/vivir-bien\/comunicacion-consciente-en-empresas-el-enfoque-de-volver-y-la-importancia-de-la-autoconciencia-PP4824904A\" target=\"_blank\">Leer M\u00e1s<\/a><\/div>\n<\/div><\/div><\/div><\/div><div class=\"et_pb_group_carousel_dots\"><\/div><\/div>\n<\/div>\n<\/div>\n<\/div>\n\n<div class=\"et_pb_section_3 et_pb_section et_section_regular et_flex_section preset--group--divi-section--divi-sizing--default\">\n<div class=\"et_pb_row_5 et_pb_row et_flex_row preset--group--divi-row--divi-sizing--default\">\n<div class=\"et_pb_column_7 et_pb_column et_flex_column et_pb_css_mix_blend_mode_passthrough et_flex_column_12_24 et_flex_column_12_24_tablet et_flex_column_24_24_phone preset--group--divi-column--divi-sizing--default\">\n<div class=\"et_pb_image_6 et_pb_image et_pb_module et_flex_module preset--group--divi-image--divi-sizing--default\"><span class=\"et_pb_image_wrap\"><img loading=\"lazy\" decoding=\"async\" src=\"https:\/\/volvercomunicaciones.com\/wp-content\/uploads\/2026\/03\/Container-2.png\" title=\"Container\" width=\"663\" height=\"642\" srcset=\"https:\/\/volvercomunicaciones.com\/wp-content\/uploads\/2026\/03\/Container-2.png 663w, https:\/\/volvercomunicaciones.com\/wp-content\/uploads\/2026\/03\/Container-2-480x465.png 480w\" sizes=\"(min-width: 0px) and (max-width: 480px) 480px, (min-width: 481px) 663px, 100vw\" class=\"wp-image-229428\" \/><\/span><\/div>\n<\/div>\n\n<div class=\"et_pb_column_8 et_pb_column et-last-child et_flex_column et_pb_css_mix_blend_mode_passthrough et_flex_column_12_24 et_flex_column_12_24_tablet et_flex_column_24_24_phone preset--group--divi-column--divi-sizing--default\">\n<div class=\"et_pb_group_4 et_pb_group et_pb_module et_flex_group et_pb_css_mix_blend_mode_passthrough preset--group--divi-group--divi-sizing--default\">\n<div class=\"et_pb_text_14 et_pb_text et_pb_bg_layout_light et_pb_module et_flex_module preset--group--divi-text--divi-sizing--default preset--group--divi-text--divi-font-header--default preset--group--divi-text--divi-font-body--default\"><div class=\"et_pb_text_inner\"><h2>PODCAST<\/h2>\n<\/div><\/div>\n\n<div class=\"et_pb_text_15 et_pb_text et_pb_bg_layout_light et_pb_module et_flex_module preset--group--divi-text--divi-sizing--default preset--group--divi-text--divi-font-header--default preset--group--divi-text--divi-font-body--default\"><div class=\"et_pb_text_inner\"><h2>TODO PASA<\/h2>\n<\/div><\/div>\n\n<div class=\"et_pb_divider_1 et_pb_divider et_pb_space et_pb_divider_position_center et_pb_module preset--group--divi-divider--divi-sizing--default\"><div class=\"et_pb_divider_internal\"><\/div><\/div>\n<\/div>\n\n<div class=\"et_pb_text_16 et_pb_text et_pb_bg_layout_light et_pb_module et_flex_module preset--group--divi-text--divi-sizing--default preset--group--divi-text--divi-font-header--default preset--group--divi-text--divi-font-body--default\"><div class=\"et_pb_text_inner\"><p>Sintoniza con nosotros cada semana para descubrir las historias detr\u00e1s de las campa\u00f1as de comunicaci\u00f3n m\u00e1s exitosas.<\/p>\n<\/div><\/div>\n\n<div class=\"et_pb_group_5 et_pb_group et_pb_module et_flex_group et_pb_css_mix_blend_mode_passthrough preset--group--divi-group--divi-sizing--default\">\n<div class=\"et_pb_image_7 et_pb_image et_pb_module et_flex_module preset--group--divi-image--divi-sizing--default\"><span class=\"et_pb_image_wrap\"><img loading=\"lazy\" decoding=\"async\" src=\"https:\/\/volvercomunicaciones.com\/wp-content\/uploads\/2026\/03\/Vector-2-1.png\" title=\"Vector (2)\" width=\"23\" height=\"25\" srcset=\"https:\/\/volvercomunicaciones.com\/wp-content\/uploads\/2026\/03\/Vector-2-1.png 23w\" sizes=\"(max-width: 23px) 100vw, 23px\" class=\"wp-image-229435\" \/><\/span><\/div>\n\n<div class=\"et_pb_text_17 et_pb_text et_pb_bg_layout_light et_pb_module et_flex_module preset--group--divi-text--divi-sizing--default preset--group--divi-text--divi-font-header--default preset--group--divi-text--divi-font-body--default\"><div class=\"et_pb_text_inner\"><p>Episodio:  Siento mucho miedo al hablar en p\u00fablico.<\/p>\n<\/div><\/div>\n<\/div>\n\n<button class=\"et_pb_group_6 et_pb_group et-last-child et_pb_module et_flex_group et_pb_css_mix_blend_mode_passthrough et_clickable preset--group--divi-group--divi-sizing--default\">\n<div class=\"et_pb_image_8 et_pb_image et_pb_module et_flex_module preset--group--divi-image--divi-sizing--default\"><span class=\"et_pb_image_wrap\"><img loading=\"lazy\" decoding=\"async\" src=\"https:\/\/volvercomunicaciones.com\/wp-content\/uploads\/2026\/03\/Vector-1.png\" title=\"Vector (1)\" width=\"20\" height=\"20\" srcset=\"https:\/\/volvercomunicaciones.com\/wp-content\/uploads\/2026\/03\/Vector-1.png 20w\" sizes=\"(max-width: 20px) 100vw, 20px\" class=\"wp-image-229430\" \/><\/span><\/div>\n\n<div class=\"et_pb_text_18 et_pb_text et_pb_bg_layout_light et_pb_module et_flex_module preset--group--divi-text--divi-sizing--default preset--group--divi-text--divi-font-header--default preset--group--divi-text--divi-font-body--default\"><div class=\"et_pb_text_inner\"><p>ESCUCHAR EN SPOTIFY<\/p>\n<\/div><\/div>\n<\/button>\n<\/div>\n<\/div>\n<\/div><div class=\"et_pb_section_4 et_pb_section et_pb_section--fixed et_section_regular et_flex_section et_clickable preset--group--divi-section--divi-sizing--default\"><div class=\"et_pb_row_6 et_pb_row et_flex_row preset--group--divi-row--divi-sizing--default\"><div class=\"et_pb_column_9 et_pb_column et-last-child et_flex_column et_pb_css_mix_blend_mode_passthrough et_flex_column_24_24 et_flex_column_24_24_tablet et_flex_column_24_24_phone preset--group--divi-column--divi-sizing--default\"><div class=\"et_pb_icon_0 et_pb_icon et_pb_module et_flex_module preset--group--divi-icon--divi-sizing--default\"><span class=\"et_pb_icon_wrap\"><span class=\"et-pb-icon\">\uf232<\/span><\/span><\/div><\/div><\/div><\/div>","protected":false},"excerpt":{"rendered":"<p>\uf232<\/p>","protected":false},"author":1,"featured_media":0,"parent":0,"menu_order":0,"comment_status":"closed","ping_status":"closed","template":"","meta":{"footnotes":""},"class_list":["post-229398","page","type-page","status-publish","hentry"],"_links":{"self":[{"href":"https:\/\/volvercomunicaciones.com\/en\/wp-json\/wp\/v2\/pages\/229398","targetHints":{"allow":["GET"]}}],"collection":[{"href":"https:\/\/volvercomunicaciones.com\/en\/wp-json\/wp\/v2\/pages"}],"about":[{"href":"https:\/\/volvercomunicaciones.com\/en\/wp-json\/wp\/v2\/types\/page"}],"author":[{"embeddable":true,"href":"https:\/\/volvercomunicaciones.com\/en\/wp-json\/wp\/v2\/users\/1"}],"replies":[{"embeddable":true,"href":"https:\/\/volvercomunicaciones.com\/en\/wp-json\/wp\/v2\/comments?post=229398"}],"version-history":[{"count":47,"href":"https:\/\/volvercomunicaciones.com\/en\/wp-json\/wp\/v2\/pages\/229398\/revisions"}],"predecessor-version":[{"id":229570,"href":"https:\/\/volvercomunicaciones.com\/en\/wp-json\/wp\/v2\/pages\/229398\/revisions\/229570"}],"wp:attachment":[{"href":"https:\/\/volvercomunicaciones.com\/en\/wp-json\/wp\/v2\/media?parent=229398"}],"curies":[{"name":"wp","href":"https:\/\/api.w.org\/{rel}","templated":true}]}}